{"id":8336,"date":"2023-09-23T17:01:32","date_gmt":"2023-09-23T17:01:32","guid":{"rendered":"https:\/\/www.asfeliu.es\/quienes-somos\/"},"modified":"2023-09-26T14:53:23","modified_gmt":"2023-09-26T14:53:23","slug":"quienes-somos","status":"publish","type":"page","link":"https:\/\/www.asfeliu.es\/es\/quienes-somos\/","title":{"rendered":"Qui\u00e9nes somos"},"content":{"rendered":"<div class=\"wpb-content-wrapper\"><p>[vc_section][vc_row][vc_column][vc_column_text]<\/p>\n<p style=\"font-size: 31px; color: #f9827f; text-align: center; line-height: 47px;\">En Asesor\u00eda Sant Feliu S.L. ofrecemos los servicios de asesoramiento y gesti\u00f3n fiscal-contable, jur\u00eddico, mercantil y laboral a nivel de empresa, as\u00ed como asesoramiento y gestiones a nivel particular.<\/p>\n<p>[\/vc_column_text][\/vc_column][\/vc_row][\/vc_section][vc_section][vc_row][vc_column][vc_column_text]En nuestra empresa, nos esforzamos por brindar un servicio cercano, personalizado y de confianza a nuestros clientes. Sabemos lo importante que es para ti contar con un equipo en el que puedas confiar, y por eso estamos aqu\u00ed para asesorarte sin compromiso. Puede contactarnos f\u00e1cilmente a trav\u00e9s de nuestro cuestionario, y sea cual sea su consulta, la responderemos de inmediato.<\/p>\n<p>Nuestra gestor\u00eda ofrece una gesti\u00f3n integral para particulares, empresas y aut\u00f3nomos. Nos enorgullece decir que nuestra filosof\u00eda se basa en el esfuerzo y la preparaci\u00f3n continuada, puesto que creemos que son la base necesaria para llevar a cabo un trabajo eficiente y de calidad, siempre enfocado a garantizar los intereses de nuestros clientes.<\/p>\n<p>La profesionalidad y el trabajo bien realizado son nuestras premisas fundamentales. Para nosotros la satisfacci\u00f3n de nuestros clientes es nuestra mejor carta de presentaci\u00f3n. Estamos comprometidos a ofrecerte un servicio excepcional que se adapta a tus necesidades espec\u00edficas, porque entendemos que cada cliente es \u00fanico y merece un trato personalizado.<\/p>\n<p>No dudes en contactarnos y descubrir c\u00f3mo podemos ayudarte. Estamos aqu\u00ed para ofrecerte soluciones y acompa\u00f1arte en todo momento. Tu satisfacci\u00f3n es nuestra prioridad y trabajaremos incre\u00edblemente para superar tus expectativas. \u00a1Conf\u00eda en nosotros y d\u00e9janos demostrarte la diferencia que podemos hacer en tu vida empresarial o personal![\/vc_column_text][\/vc_column][\/vc_row][\/vc_section][vc_section][vc_row][vc_column]<div  class=\"wpb_content_element   clearfix\"><style type=\"text\/css\">#ut_am_6a074ee4c10ff { opacity: 1; }#ut_am_wrap_6a074ee4c1101 .ut-image-gallery-item-caption-title h3 { letter-spacing: 0em; }#ut_am_wrap_6a074ee4c1101 .ut-gallery-slider-caption { font-weight: bold; }#ut_am_wrap_6a074ee4c1101 { text-align: center; }@media (min-width: 768px) and (max-width: 1024px) { #ut_am_wrap_6a074ee4c1101 { text-align: center !important; } }@media (max-width: 767px) { #ut_am_wrap_6a074ee4c1101 { text-align: center !important; } }<\/style><div id=\"ut_am_wrap_6a074ee4c1101\" class=\"ut-image-gallery-image \"><div id=\"ut_reveal_6a074ee4c1102\"  data-appear-top-offset=\"auto\" class=\"ut-animated-image-item ut-image-gallery-item ut-animation-done \"><a class=\"ut-deactivated-link\" href=\"#\"><div class=\"ut-animated-image-zoom\"><img loading=\"lazy\" decoding=\"async\" class=\"ut-lazy skip-lazy ut-animated-image \"  id=\"ut_am_6a074ee4c10ff\" src=\"data:image\/svg+xml;charset=utf-8,%3Csvg xmlns%3D'http%3A%2F%2Fwww.w3.org%2F2000%2Fsvg' viewBox%3D'0 0 923 600'%2F%3E\" data-src=\"https:\/\/www.asfeliu.es\/wp-content\/uploads\/2023\/09\/assessoria.jpg\" width=\"923\" height=\"600\" alt=\"\"\/><\/div><\/a><\/div><\/div><\/div>[\/vc_column][\/vc_row][\/vc_section][vc_section][vc_row][vc_column][vc_empty_space height=\u00bb50px\u00bb][\/vc_column][\/vc_row][\/vc_section]<\/p>\n<\/div>","protected":false},"excerpt":{"rendered":"<p>[vc_section][vc_row][vc_column][vc_column_text] En Asesor\u00eda Sant Feliu S.L. ofrecemos los servicios de asesoramiento y gesti\u00f3n fiscal-contable, jur\u00eddico, mercantil y laboral a nivel de empresa, as\u00ed como asesoramiento y gestiones a nivel particular. [\/vc_column_text][\/vc_column][\/vc_row][\/vc_section][vc_section][vc_row][vc_column][vc_column_text]En nuestra empresa, nos esforzamos por brindar un servicio cercano, personalizado y de confianza a nuestros clientes. Sabemos lo importante que es para ti contar [&hellip;]<\/p>\n","protected":false},"author":1,"featured_media":0,"parent":0,"menu_order":0,"comment_status":"closed","ping_status":"closed","template":"","meta":{"footnotes":""},"class_list":["post-8336","page","type-page","status-publish","hentry"],"yoast_head":"<!-- This site is optimized with the Yoast SEO plugin v27.6 - https:\/\/yoast.com\/product\/yoast-seo-wordpress\/ -->\n<title>Qui\u00e9nes somos - Assessoria Sant Feliu<\/title>\n<meta name=\"robots\" content=\"index, follow, max-snippet:-1, max-image-preview:large, max-video-preview:-1\" \/>\n<link rel=\"canonical\" href=\"https:\/\/www.asfeliu.es\/es\/quienes-somos\/\" \/>\n<meta property=\"og:locale\" content=\"es_ES\" \/>\n<meta property=\"og:type\" content=\"article\" \/>\n<meta property=\"og:title\" content=\"Qui\u00e9nes somos - Assessoria Sant Feliu\" \/>\n<meta property=\"og:description\" content=\"[vc_section][vc_row][vc_column][vc_column_text] En Asesor\u00eda Sant Feliu S.L. ofrecemos los servicios de asesoramiento y gesti\u00f3n fiscal-contable, jur\u00eddico, mercantil y laboral a nivel de empresa, as\u00ed como asesoramiento y gestiones a nivel particular. [\/vc_column_text][\/vc_column][\/vc_row][\/vc_section][vc_section][vc_row][vc_column][vc_column_text]En nuestra empresa, nos esforzamos por brindar un servicio cercano, personalizado y de confianza a nuestros clientes. Sabemos lo importante que es para ti contar [&hellip;]\" \/>\n<meta property=\"og:url\" content=\"https:\/\/www.asfeliu.es\/es\/quienes-somos\/\" \/>\n<meta property=\"og:site_name\" content=\"Assessoria Sant Feliu\" \/>\n<meta property=\"article:modified_time\" content=\"2023-09-26T14:53:23+00:00\" \/>\n<meta name=\"twitter:card\" content=\"summary_large_image\" \/>\n<meta name=\"twitter:label1\" content=\"Tiempo de lectura\" \/>\n\t<meta name=\"twitter:data1\" content=\"2 minutos\" \/>\n<script type=\"application\/ld+json\" class=\"yoast-schema-graph\">{\"@context\":\"https:\\\/\\\/schema.org\",\"@graph\":[{\"@type\":\"WebPage\",\"@id\":\"https:\\\/\\\/www.asfeliu.es\\\/es\\\/quienes-somos\\\/\",\"url\":\"https:\\\/\\\/www.asfeliu.es\\\/es\\\/quienes-somos\\\/\",\"name\":\"Qui\u00e9nes somos - Assessoria Sant Feliu\",\"isPartOf\":{\"@id\":\"https:\\\/\\\/www.asfeliu.es\\\/#website\"},\"datePublished\":\"2023-09-23T17:01:32+00:00\",\"dateModified\":\"2023-09-26T14:53:23+00:00\",\"breadcrumb\":{\"@id\":\"https:\\\/\\\/www.asfeliu.es\\\/es\\\/quienes-somos\\\/#breadcrumb\"},\"inLanguage\":\"es\",\"potentialAction\":[{\"@type\":\"ReadAction\",\"target\":[\"https:\\\/\\\/www.asfeliu.es\\\/es\\\/quienes-somos\\\/\"]}]},{\"@type\":\"BreadcrumbList\",\"@id\":\"https:\\\/\\\/www.asfeliu.es\\\/es\\\/quienes-somos\\\/#breadcrumb\",\"itemListElement\":[{\"@type\":\"ListItem\",\"position\":1,\"name\":\"Inici\",\"item\":\"https:\\\/\\\/www.asfeliu.es\\\/es\\\/front-page\\\/\"},{\"@type\":\"ListItem\",\"position\":2,\"name\":\"Qui\u00e9nes somos\"}]},{\"@type\":\"WebSite\",\"@id\":\"https:\\\/\\\/www.asfeliu.es\\\/#website\",\"url\":\"https:\\\/\\\/www.asfeliu.es\\\/\",\"name\":\"Assessoria Sant Feliu\",\"description\":\"Assessoria fiscal, laboral, assegurances i tr\u00e0nsit\",\"publisher\":{\"@id\":\"https:\\\/\\\/www.asfeliu.es\\\/#organization\"},\"potentialAction\":[{\"@type\":\"SearchAction\",\"target\":{\"@type\":\"EntryPoint\",\"urlTemplate\":\"https:\\\/\\\/www.asfeliu.es\\\/?s={search_term_string}\"},\"query-input\":{\"@type\":\"PropertyValueSpecification\",\"valueRequired\":true,\"valueName\":\"search_term_string\"}}],\"inLanguage\":\"es\"},{\"@type\":\"Organization\",\"@id\":\"https:\\\/\\\/www.asfeliu.es\\\/#organization\",\"name\":\"Assessoria Sant Feliu\",\"url\":\"https:\\\/\\\/www.asfeliu.es\\\/\",\"logo\":{\"@type\":\"ImageObject\",\"inLanguage\":\"es\",\"@id\":\"https:\\\/\\\/www.asfeliu.es\\\/#\\\/schema\\\/logo\\\/image\\\/\",\"url\":\"https:\\\/\\\/www.asfeliu.es\\\/wp-content\\\/uploads\\\/2023\\\/09\\\/FAVICON-1.png\",\"contentUrl\":\"https:\\\/\\\/www.asfeliu.es\\\/wp-content\\\/uploads\\\/2023\\\/09\\\/FAVICON-1.png\",\"width\":512,\"height\":512,\"caption\":\"Assessoria Sant Feliu\"},\"image\":{\"@id\":\"https:\\\/\\\/www.asfeliu.es\\\/#\\\/schema\\\/logo\\\/image\\\/\"},\"sameAs\":[\"https:\\\/\\\/www.linkedin.com\\\/in\\\/carlesgarrigaflaquer\\\/\"]}]}<\/script>\n<!-- \/ Yoast SEO plugin. -->","yoast_head_json":{"title":"Qui\u00e9nes somos - Assessoria Sant Feliu","robots":{"index":"index","follow":"follow","max-snippet":"max-snippet:-1","max-image-preview":"max-image-preview:large","max-video-preview":"max-video-preview:-1"},"canonical":"https:\/\/www.asfeliu.es\/es\/quienes-somos\/","og_locale":"es_ES","og_type":"article","og_title":"Qui\u00e9nes somos - Assessoria Sant Feliu","og_description":"[vc_section][vc_row][vc_column][vc_column_text] En Asesor\u00eda Sant Feliu S.L. ofrecemos los servicios de asesoramiento y gesti\u00f3n fiscal-contable, jur\u00eddico, mercantil y laboral a nivel de empresa, as\u00ed como asesoramiento y gestiones a nivel particular. [\/vc_column_text][\/vc_column][\/vc_row][\/vc_section][vc_section][vc_row][vc_column][vc_column_text]En nuestra empresa, nos esforzamos por brindar un servicio cercano, personalizado y de confianza a nuestros clientes. Sabemos lo importante que es para ti contar [&hellip;]","og_url":"https:\/\/www.asfeliu.es\/es\/quienes-somos\/","og_site_name":"Assessoria Sant Feliu","article_modified_time":"2023-09-26T14:53:23+00:00","twitter_card":"summary_large_image","twitter_misc":{"Tiempo de lectura":"2 minutos"},"schema":{"@context":"https:\/\/schema.org","@graph":[{"@type":"WebPage","@id":"https:\/\/www.asfeliu.es\/es\/quienes-somos\/","url":"https:\/\/www.asfeliu.es\/es\/quienes-somos\/","name":"Qui\u00e9nes somos - Assessoria Sant Feliu","isPartOf":{"@id":"https:\/\/www.asfeliu.es\/#website"},"datePublished":"2023-09-23T17:01:32+00:00","dateModified":"2023-09-26T14:53:23+00:00","breadcrumb":{"@id":"https:\/\/www.asfeliu.es\/es\/quienes-somos\/#breadcrumb"},"inLanguage":"es","potentialAction":[{"@type":"ReadAction","target":["https:\/\/www.asfeliu.es\/es\/quienes-somos\/"]}]},{"@type":"BreadcrumbList","@id":"https:\/\/www.asfeliu.es\/es\/quienes-somos\/#breadcrumb","itemListElement":[{"@type":"ListItem","position":1,"name":"Inici","item":"https:\/\/www.asfeliu.es\/es\/front-page\/"},{"@type":"ListItem","position":2,"name":"Qui\u00e9nes somos"}]},{"@type":"WebSite","@id":"https:\/\/www.asfeliu.es\/#website","url":"https:\/\/www.asfeliu.es\/","name":"Assessoria Sant Feliu","description":"Assessoria fiscal, laboral, assegurances i tr\u00e0nsit","publisher":{"@id":"https:\/\/www.asfeliu.es\/#organization"},"potentialAction":[{"@type":"SearchAction","target":{"@type":"EntryPoint","urlTemplate":"https:\/\/www.asfeliu.es\/?s={search_term_string}"},"query-input":{"@type":"PropertyValueSpecification","valueRequired":true,"valueName":"search_term_string"}}],"inLanguage":"es"},{"@type":"Organization","@id":"https:\/\/www.asfeliu.es\/#organization","name":"Assessoria Sant Feliu","url":"https:\/\/www.asfeliu.es\/","logo":{"@type":"ImageObject","inLanguage":"es","@id":"https:\/\/www.asfeliu.es\/#\/schema\/logo\/image\/","url":"https:\/\/www.asfeliu.es\/wp-content\/uploads\/2023\/09\/FAVICON-1.png","contentUrl":"https:\/\/www.asfeliu.es\/wp-content\/uploads\/2023\/09\/FAVICON-1.png","width":512,"height":512,"caption":"Assessoria Sant Feliu"},"image":{"@id":"https:\/\/www.asfeliu.es\/#\/schema\/logo\/image\/"},"sameAs":["https:\/\/www.linkedin.com\/in\/carlesgarrigaflaquer\/"]}]}},"_links":{"self":[{"href":"https:\/\/www.asfeliu.es\/es\/wp-json\/wp\/v2\/pages\/8336","targetHints":{"allow":["GET"]}}],"collection":[{"href":"https:\/\/www.asfeliu.es\/es\/wp-json\/wp\/v2\/pages"}],"about":[{"href":"https:\/\/www.asfeliu.es\/es\/wp-json\/wp\/v2\/types\/page"}],"author":[{"embeddable":true,"href":"https:\/\/www.asfeliu.es\/es\/wp-json\/wp\/v2\/users\/1"}],"replies":[{"embeddable":true,"href":"https:\/\/www.asfeliu.es\/es\/wp-json\/wp\/v2\/comments?post=8336"}],"version-history":[{"count":1,"href":"https:\/\/www.asfeliu.es\/es\/wp-json\/wp\/v2\/pages\/8336\/revisions"}],"predecessor-version":[{"id":8340,"href":"https:\/\/www.asfeliu.es\/es\/wp-json\/wp\/v2\/pages\/8336\/revisions\/8340"}],"wp:attachment":[{"href":"https:\/\/www.asfeliu.es\/es\/wp-json\/wp\/v2\/media?parent=8336"}],"curies":[{"name":"wp","href":"https:\/\/api.w.org\/{rel}","templated":true}]}}